{"id":72,"date":"2019-10-06T13:45:18","date_gmt":"2019-10-06T10:45:18","guid":{"rendered":"http:\/\/assetbilisim.com\/?page_id=72"},"modified":"2020-01-27T15:37:40","modified_gmt":"2020-01-27T12:37:40","slug":"qlikview-qlik-sense-egitimleri","status":"publish","type":"page","link":"https:\/\/assetbilisim.com\/en\/hizmetler\/qlikview-qlik-sense-egitimleri\/","title":{"rendered":"QlikView, Qlik Sense E\u011fitimleri"},"content":{"rendered":"<p>[vc_row][vc_column][vc_custom_heading source=&#8221;post_title&#8221; use_theme_fonts=&#8221;yes&#8221;][vc_separator color=&#8221;custom&#8221; align=&#8221;align_left&#8221; border_width=&#8221;2&#8243; type=&#8221;small&#8221; gap=&#8221;short&#8221; accent_color=&#8221;#069948&#8243;][vc_column_text]asSET E\u011fitimleri kat\u0131l\u0131mc\u0131lar\u0131n en k\u0131sa s\u00fcrede \u00f6\u011frenmesi \u00fczerine odaklanmaktad\u0131r.\u00a0 E\u011fitimlerin \u00e7o\u011fu iki e\u011fitmenin kat\u0131l\u0131m\u0131 ile verilmekte. Qlik Sense ve QlikView&#8217;\u0131n \u00f6zellikleri ve fonksiyonlar\u0131n\u0131n \u00f6\u011frenilmesi yan\u0131nda, konu ile ilgili kar\u015f\u0131la\u015f\u0131labilecek sorunlar ve \u00e7\u00f6z\u00fcmleri, etkin kullan\u0131m \u015fekilleri, belli ipu\u00e7lar\u0131, geli\u015ftirme metodu ile ilgili bilgiler\u00a0de\u00a0kat\u0131l\u0131mc\u0131lara aktar\u0131lmaktad\u0131r.[\/vc_column_text][vc_single_image image=&#8221;265&#8243; img_size=&#8221;full&#8221;][vc_column_text]<strong>Qlik Sense Geli\u015ftirici \/ Developer Temel E\u011fitimi (1 g\u00fcn)<\/strong><\/p>\n<p>Bu e\u011fitimle kullan\u0131c\u0131lar\u0131n farkl\u0131\u00a0veri kaynaklar\u0131na eri\u015fip \u00a0Qlik Script dilini kullanarak veri modelini\u00a0olu\u015fturabilmesi, bu modele ili\u015fkin verileri y\u00fcklemesi ve bu modeli y\u00f6netebilmesi hedeflenmektedir.<\/p>\n<p><strong>Qlik Bilgi Modelleme E\u011fitimi (1 g\u00fcn)<\/strong><\/p>\n<p>Qlik uygulama\/dashboard\u2019lar\u0131n\u0131n temelini olu\u015fturan bilgi modellerinin tan\u0131mlar\u0131, modelleme ile ilgili yap\u0131lan hatalar,\u00a0kar\u015f\u0131la\u015f\u0131lan problemler kavramsal olarak anlat\u0131l\u0131p,\u00a0Link Model,Generic Key\u00a0kavramlar\u0131 g\u00f6sterilmekte, modelleme\u00a0 \u00e7al\u0131\u015fmalar\u0131\u00a0 yap\u0131lacak\u00a0 pratiklerle \u00f6rneklendirilmektedir. \u00a0Bu\u00a0e\u011fitimin\u00a0\u00f6n\u00a0\u015fart\u0131 kat\u0131l\u0131mc\u0131lar\u0131n Developer Temel E\u011fitimi alm\u0131\u015f olmalar\u0131d\u0131r.<\/p>\n<p>\u200b<strong>Qlik Sense Kullan\u0131c\u0131 \/ End User Temel E\u011fitimi (2 g\u00fcn)<\/strong><\/p>\n<p>Bu e\u011fitimle kullan\u0131c\u0131lar\u0131n veri modeli tamamlanm\u0131\u015f bir rapor \u00fczerinde grafik, g\u00f6sterge tablo ve harita gibi\u00a0g\u00f6rselleri olu\u015fturabilmesi, d\u00fczenlemesi ve bu g\u00f6rselleri analiz edebilmesi hedeflenmektedir.<\/p>\n<p>\u200b<strong>\u0130leri Fonksiyonlar &amp; Form\u00fcller, Set Analysis\u00a0(1\u00a0g\u00fcn)<\/strong><\/p>\n<p>QIX\u00a0Engine\u2019in \u00e7al\u0131\u015fma mant\u0131\u011f\u0131,\u00a0form\u00fcllerin ve\u00a0fonksiyonlar\u0131n\u00a0genel tan\u0131t\u0131m\u0131, \u00f6nemli fonksiyonlardan\u00a0Aggregation\u00a0fonksiyonlar\u0131, Aggr,\u00a0FirstSortedValue, Rank,\u00a0InterRecord fonksiyonlar\u0131n\u0131n\u00a0anlat\u0131m\u0131\u00a0gibi\u00a0konular\u0131 i\u00e7ermektedir. Ayr\u0131ca\u00a0Qlik\u2019de performans i\u00e7in dikkat\u00a0edilmesi gereken\u00a0noktalar\u00a0a\u00e7\u0131kl\u0131\u011fa\u00a0kavu\u015fturulmaktad\u0131r. Bu e\u011fitim i\u00e7in End User Temel E\u011fitiminin al\u0131nm\u0131\u015f olmas\u0131 gerekmektedir. Qlik\u2019in\u00a0en\u00a0kar\u0131\u015f\u0131k\u00a0ancak g\u00fc\u00e7l\u00fc \u00f6zelliklerinden Set Analizi konusu\u00a0detayl\u0131\u00a0bir \u015fekilde \u00f6rneklerle anlat\u0131lmaktad\u0131r. Ayr\u0131ca \u015firketlerin \u00a0\u00f6zel\u00a0i\u00e7erikli e\u011fitimler verilebilmektedir.<\/p>\n<p><strong>Dashboard Tasar\u0131m\u0131 &amp; Qlik Sense E\u011fitimi \u00a0(1\u00a0g\u00fcn)<\/strong><\/p>\n<p>Dashboard tasar\u0131m\u0131 ile ilgili temel bilgi ve y\u00f6ntemlerin\u00a0 verildi\u011fi bir g\u00fcnl\u00fck bir e\u011fitimdir. E\u011fitimin ilk b\u00f6l\u00fcm\u00fcnde, \u00fcr\u00fcnden ba\u011f\u0131ms\u0131z temel bilgiler ve genel yakla\u015f\u0131mlar \u00fczerinde durulmakta, ikinci b\u00f6l\u00fcm\u00fcnde Qlik Sense \u2018de kar\u015f\u0131l\u0131klar\u0131 belirtilmektedir. Bu e\u011fitimde Qlik Sense temel e\u011fitimi alm\u0131\u015f\u00a0 dashboard geli\u015ftiricileri,\u00a0 anahtar kullan\u0131c\u0131lar ve bilgi analistleri hedeflenmektedir. Ayr\u0131ca orta kademe ve \u00fcst d\u00fczey y\u00f6neticilerinin de, dashboard kullan\u0131mlar\u0131ndan daha fazla fayda sa\u011flanmas\u0131 amac\u0131 ile, ilgi alan\u0131na girebilecek bir e\u011fitimdir.[\/vc_column_text][\/vc_column][\/vc_row]<\/p>","protected":false},"excerpt":{"rendered":"<p>[vc_row][vc_column][vc_custom_heading source=&#8221;post_title&#8221; use_theme_fonts=&#8221;yes&#8221;][vc_separator color=&#8221;custom&#8221; align=&#8221;align_left&#8221; border_width=&#8221;2&#8243; type=&#8221;small&#8221; gap=&#8221;short&#8221; accent_color=&#8221;#069948&#8243;][vc_column_text]asSET E\u011fitimleri kat\u0131l\u0131mc\u0131lar\u0131n en k\u0131sa s\u00fcrede \u00f6\u011frenmesi \u00fczerine odaklanmaktad\u0131r.\u00a0 E\u011fitimlerin \u00e7o\u011fu iki e\u011fitmenin kat\u0131l\u0131m\u0131 ile verilmekte. Qlik Sense ve QlikView&#8217;\u0131n \u00f6zellikleri ve fonksiyonlar\u0131n\u0131n \u00f6\u011frenilmesi yan\u0131nda, konu ile ilgili kar\u015f\u0131la\u015f\u0131labilecek sorunlar ve \u00e7\u00f6z\u00fcmleri, etkin kullan\u0131m \u015fekilleri, belli ipu\u00e7lar\u0131, geli\u015ftirme metodu ile ilgili bilgiler\u00a0de\u00a0kat\u0131l\u0131mc\u0131lara aktar\u0131lmaktad\u0131r.[\/vc_column_text][vc_single_image image=&#8221;265&#8243; img_size=&#8221;full&#8221;][vc_column_text]Qlik Sense Geli\u015ftirici [&hellip;]<\/p>\n","protected":false},"author":2,"featured_media":0,"parent":18,"menu_order":0,"comment_status":"closed","ping_status":"closed","template":"","meta":{"inline_featured_image":false},"_links":{"self":[{"href":"https:\/\/assetbilisim.com\/en\/wp-json\/wp\/v2\/pages\/72"}],"collection":[{"href":"https:\/\/assetbilisim.com\/en\/wp-json\/wp\/v2\/pages"}],"about":[{"href":"https:\/\/assetbilisim.com\/en\/wp-json\/wp\/v2\/types\/page"}],"author":[{"embeddable":true,"href":"https:\/\/assetbilisim.com\/en\/wp-json\/wp\/v2\/users\/2"}],"replies":[{"embeddable":true,"href":"https:\/\/assetbilisim.com\/en\/wp-json\/wp\/v2\/comments?post=72"}],"version-history":[{"count":7,"href":"https:\/\/assetbilisim.com\/en\/wp-json\/wp\/v2\/pages\/72\/revisions"}],"predecessor-version":[{"id":484,"href":"https:\/\/assetbilisim.com\/en\/wp-json\/wp\/v2\/pages\/72\/revisions\/484"}],"up":[{"embeddable":true,"href":"https:\/\/assetbilisim.com\/en\/wp-json\/wp\/v2\/pages\/18"}],"wp:attachment":[{"href":"https:\/\/assetbilisim.com\/en\/wp-json\/wp\/v2\/media?parent=72"}],"curies":[{"name":"wp","href":"https:\/\/api.w.org\/{rel}","templated":true}]}}