{"id":70,"date":"2019-10-06T13:44:59","date_gmt":"2019-10-06T10:44:59","guid":{"rendered":"http:\/\/assetbilisim.com\/?page_id=70"},"modified":"2019-10-31T17:38:42","modified_gmt":"2019-10-31T14:38:42","slug":"qlikview-qlik-sense-dashboard-veri-analizi-uygulamasi-gelistirme","status":"publish","type":"page","link":"https:\/\/assetbilisim.com\/en\/hizmetler\/qlikview-qlik-sense-dashboard-veri-analizi-uygulamasi-gelistirme\/","title":{"rendered":"QlikView, Qlik Sense Dashboard, Veri Analizi Uygulamas\u0131 Geli\u015ftirme"},"content":{"rendered":"<p>[vc_row][vc_column][vc_custom_heading source=&#8221;post_title&#8221; use_theme_fonts=&#8221;yes&#8221;][vc_separator color=&#8221;custom&#8221; align=&#8221;align_left&#8221; border_width=&#8221;2&#8243; type=&#8221;small&#8221; gap=&#8221;short&#8221; accent_color=&#8221;#069948&#8243;][vc_column_text]QlikView ve Qlik Sense&#8217;de dashboard \/ veri analizi uygulamalar\u0131 geli\u015ftirilmektedir. asSET metodu ile\u00a0 kullan\u0131c\u0131n\u0131n aktif olarak devrede olmas\u0131 sa\u011flanmaktad\u0131r. Ekranlar tasar\u0131m\u0131nda\u00a0 grafik ve g\u00f6rselle\u015ftirme yan\u0131nda, insan \u00f6\u011frenme becerileri, alg\u0131lama psikolojisi gibi konular da dikkate al\u0131nmaktad\u0131r.[\/vc_column_text][vc_column_text]extra yaz\u0131 alan\u0131, resim ve video konabilir.[\/vc_column_text][\/vc_column][\/vc_row]<\/p>","protected":false},"excerpt":{"rendered":"<p>[vc_row][vc_column][vc_custom_heading source=&#8221;post_title&#8221; use_theme_fonts=&#8221;yes&#8221;][vc_separator color=&#8221;custom&#8221; align=&#8221;align_left&#8221; border_width=&#8221;2&#8243; type=&#8221;small&#8221; gap=&#8221;short&#8221; accent_color=&#8221;#069948&#8243;][vc_column_text]QlikView ve Qlik Sense&#8217;de dashboard \/ veri analizi uygulamalar\u0131 geli\u015ftirilmektedir. asSET metodu ile\u00a0 kullan\u0131c\u0131n\u0131n aktif olarak devrede olmas\u0131 sa\u011flanmaktad\u0131r. Ekranlar tasar\u0131m\u0131nda\u00a0 grafik ve g\u00f6rselle\u015ftirme yan\u0131nda, insan \u00f6\u011frenme becerileri, alg\u0131lama psikolojisi gibi konular da dikkate al\u0131nmaktad\u0131r.[\/vc_column_text][vc_column_text]extra yaz\u0131 alan\u0131, resim ve video konabilir.[\/vc_column_text][\/vc_column][\/vc_row]<\/p>\n","protected":false},"author":2,"featured_media":0,"parent":18,"menu_order":0,"comment_status":"closed","ping_status":"closed","template":"","meta":{"inline_featured_image":false},"_links":{"self":[{"href":"https:\/\/assetbilisim.com\/en\/wp-json\/wp\/v2\/pages\/70"}],"collection":[{"href":"https:\/\/assetbilisim.com\/en\/wp-json\/wp\/v2\/pages"}],"about":[{"href":"https:\/\/assetbilisim.com\/en\/wp-json\/wp\/v2\/types\/page"}],"author":[{"embeddable":true,"href":"https:\/\/assetbilisim.com\/en\/wp-json\/wp\/v2\/users\/2"}],"replies":[{"embeddable":true,"href":"https:\/\/assetbilisim.com\/en\/wp-json\/wp\/v2\/comments?post=70"}],"version-history":[{"count":3,"href":"https:\/\/assetbilisim.com\/en\/wp-json\/wp\/v2\/pages\/70\/revisions"}],"predecessor-version":[{"id":368,"href":"https:\/\/assetbilisim.com\/en\/wp-json\/wp\/v2\/pages\/70\/revisions\/368"}],"up":[{"embeddable":true,"href":"https:\/\/assetbilisim.com\/en\/wp-json\/wp\/v2\/pages\/18"}],"wp:attachment":[{"href":"https:\/\/assetbilisim.com\/en\/wp-json\/wp\/v2\/media?parent=70"}],"curies":[{"name":"wp","href":"https:\/\/api.w.org\/{rel}","templated":true}]}}