{"id":68,"date":"2019-10-06T13:44:00","date_gmt":"2019-10-06T10:44:00","guid":{"rendered":"http:\/\/assetbilisim.com\/?page_id=68"},"modified":"2019-10-31T22:10:00","modified_gmt":"2019-10-31T19:10:00","slug":"qlik-projeleri-organizasyon-ve-danismanligi","status":"publish","type":"page","link":"https:\/\/assetbilisim.com\/en\/hizmetler\/qlik-projeleri-organizasyon-ve-danismanligi\/","title":{"rendered":"Qlik Projeleri Organizasyon ve Dan\u0131\u015fmanl\u0131\u011f\u0131"},"content":{"rendered":"<p>[vc_row][vc_column][vc_custom_heading source=&#8221;post_title&#8221; use_theme_fonts=&#8221;yes&#8221;][vc_separator color=&#8221;custom&#8221; align=&#8221;align_left&#8221; border_width=&#8221;2&#8243; type=&#8221;small&#8221; gap=&#8221;short&#8221; accent_color=&#8221;#069948&#8243;][vc_column_text]<\/p>\n<ul>\n<li><strong>QlikView, Qlik Sense Dan\u0131\u015fmanl\u0131\u011f\u0131<br \/>\n<\/strong>Qlik projelerinde \u00fcr\u00fcn ile ilgili dan\u0131\u015fmanl\u0131k, y\u00f6nlendirme ve destek \u00e7al\u0131\u015fmalar\u0131n\u0131 i\u00e7erir.<\/li>\n<\/ul>\n<ul>\n<li><strong>QlikView, Qlik Sense Projeleri Health Check<br \/>\n<\/strong>Qlik projelerinin denetlenmesi, Health Check \u00e7al\u0131\u015fmalar\u0131n\u0131 i\u00e7erir.<\/li>\n<li><strong>Qlik BI S\u00fcre\u00e7 Y\u00f6netimi<br \/>\n<\/strong>Eleman Se\u00e7imi\/E\u011fitimi, Standart\/Metod Geli\u015ftirme ve Milestone\/ Aksiyon Planlar\u0131 Haz\u0131rlama gibi y\u00f6netimsel dan\u0131\u015fmanl\u0131k ve destek \u00e7al\u0131\u015fmalar\u0131n\u0131 i\u00e7erir.<\/li>\n<\/ul>\n<ul>\n<li><strong>Bilgi Okuryazarl\u0131\u011f\u0131 Geli\u015ftirme \u00c7al\u0131\u015fmalar\u0131<\/strong><br \/>\n\u015eirket ve b\u00f6l\u00fcmlerde bilgi okuryazarl\u0131\u011f\u0131n\u0131 geli\u015ftirmek i\u00e7in s\u00fcre\u00e7 \u00f6l\u00e7\u00fcmleme, aksiyonlar ve \u00e7al\u0131\u015fmalar\u0131n y\u00f6netimine ili\u015fkin \u00e7al\u0131\u015fmalar\u0131 i\u00e7erir.<\/li>\n<\/ul>\n<p>[\/vc_column_text][vc_column_text]..[\/vc_column_text][\/vc_column][\/vc_row]<\/p>\n","protected":false},"excerpt":{"rendered":"<p>[vc_row][vc_column][vc_custom_heading source=&#8221;post_title&#8221; use_theme_fonts=&#8221;yes&#8221;][vc_separator color=&#8221;custom&#8221; align=&#8221;align_left&#8221; border_width=&#8221;2&#8243; type=&#8221;small&#8221; gap=&#8221;short&#8221; accent_color=&#8221;#069948&#8243;][vc_column_text] QlikView, Qlik Sense Dan\u0131\u015fmanl\u0131\u011f\u0131 Qlik projelerinde \u00fcr\u00fcn ile ilgili dan\u0131\u015fmanl\u0131k, y\u00f6nlendirme ve destek \u00e7al\u0131\u015fmalar\u0131n\u0131 i\u00e7erir. QlikView, Qlik Sense Projeleri Health Check Qlik projelerinin denetlenmesi, Health Check \u00e7al\u0131\u015fmalar\u0131n\u0131 i\u00e7erir. Qlik BI S\u00fcre\u00e7 Y\u00f6netimi Eleman Se\u00e7imi\/E\u011fitimi, Standart\/Metod Geli\u015ftirme ve Milestone\/ Aksiyon Planlar\u0131 Haz\u0131rlama gibi y\u00f6netimsel dan\u0131\u015fmanl\u0131k ve destek [&hellip;]<\/p>\n","protected":false},"author":2,"featured_media":0,"parent":18,"menu_order":0,"comment_status":"closed","ping_status":"closed","template":"","meta":{"inline_featured_image":false},"_links":{"self":[{"href":"https:\/\/assetbilisim.com\/en\/wp-json\/wp\/v2\/pages\/68"}],"collection":[{"href":"https:\/\/assetbilisim.com\/en\/wp-json\/wp\/v2\/pages"}],"about":[{"href":"https:\/\/assetbilisim.com\/en\/wp-json\/wp\/v2\/types\/page"}],"author":[{"embeddable":true,"href":"https:\/\/assetbilisim.com\/en\/wp-json\/wp\/v2\/users\/2"}],"replies":[{"embeddable":true,"href":"https:\/\/assetbilisim.com\/en\/wp-json\/wp\/v2\/comments?post=68"}],"version-history":[{"count":8,"href":"https:\/\/assetbilisim.com\/en\/wp-json\/wp\/v2\/pages\/68\/revisions"}],"predecessor-version":[{"id":376,"href":"https:\/\/assetbilisim.com\/en\/wp-json\/wp\/v2\/pages\/68\/revisions\/376"}],"up":[{"embeddable":true,"href":"https:\/\/assetbilisim.com\/en\/wp-json\/wp\/v2\/pages\/18"}],"wp:attachment":[{"href":"https:\/\/assetbilisim.com\/en\/wp-json\/wp\/v2\/media?parent=68"}],"curies":[{"name":"wp","href":"https:\/\/api.w.org\/{rel}","templated":true}]}}