{"id":64,"date":"2019-10-06T13:42:32","date_gmt":"2019-10-06T10:42:32","guid":{"rendered":"http:\/\/assetbilisim.com\/?page_id=64"},"modified":"2020-01-27T15:28:53","modified_gmt":"2020-01-27T12:28:53","slug":"qlikview-ve-qlik-sense-lisans-satislari","status":"publish","type":"page","link":"https:\/\/assetbilisim.com\/en\/hizmetler\/qlikview-ve-qlik-sense-lisans-satislari\/","title":{"rendered":"QlikView ve Qlik Sense Lisans Sat\u0131\u015flar\u0131"},"content":{"rendered":"<p>[vc_row][vc_column][vc_custom_heading source=&#8221;post_title&#8221; use_theme_fonts=&#8221;yes&#8221;][vc_separator color=&#8221;custom&#8221; align=&#8221;align_left&#8221; border_width=&#8221;2&#8243; type=&#8221;small&#8221; gap=&#8221;short&#8221; accent_color=&#8221;#069948&#8243;][vc_column_text]QlikView ve Qlik Sense Lisans sat\u0131\u015flar\u0131, kurulu\u015flar\u0131 ve y\u0131ll\u0131k lisans bak\u0131m hizmetleri verilmektedir.[\/vc_column_text][vc_column_text]extra yaz\u0131 alan\u0131, resim ve video konabilir.[\/vc_column_text][\/vc_column][\/vc_row]<\/p>","protected":false},"excerpt":{"rendered":"<p>[vc_row][vc_column][vc_custom_heading source=&#8221;post_title&#8221; use_theme_fonts=&#8221;yes&#8221;][vc_separator color=&#8221;custom&#8221; align=&#8221;align_left&#8221; border_width=&#8221;2&#8243; type=&#8221;small&#8221; gap=&#8221;short&#8221; accent_color=&#8221;#069948&#8243;][vc_column_text]QlikView ve Qlik Sense Lisans sat\u0131\u015flar\u0131, kurulu\u015flar\u0131 ve y\u0131ll\u0131k lisans bak\u0131m hizmetleri verilmektedir.[\/vc_column_text][vc_column_text]extra yaz\u0131 alan\u0131, resim ve video konabilir.[\/vc_column_text][\/vc_column][\/vc_row]<\/p>\n","protected":false},"author":2,"featured_media":0,"parent":18,"menu_order":0,"comment_status":"closed","ping_status":"closed","template":"","meta":{"inline_featured_image":false},"_links":{"self":[{"href":"https:\/\/assetbilisim.com\/en\/wp-json\/wp\/v2\/pages\/64"}],"collection":[{"href":"https:\/\/assetbilisim.com\/en\/wp-json\/wp\/v2\/pages"}],"about":[{"href":"https:\/\/assetbilisim.com\/en\/wp-json\/wp\/v2\/types\/page"}],"author":[{"embeddable":true,"href":"https:\/\/assetbilisim.com\/en\/wp-json\/wp\/v2\/users\/2"}],"replies":[{"embeddable":true,"href":"https:\/\/assetbilisim.com\/en\/wp-json\/wp\/v2\/comments?post=64"}],"version-history":[{"count":5,"href":"https:\/\/assetbilisim.com\/en\/wp-json\/wp\/v2\/pages\/64\/revisions"}],"predecessor-version":[{"id":477,"href":"https:\/\/assetbilisim.com\/en\/wp-json\/wp\/v2\/pages\/64\/revisions\/477"}],"up":[{"embeddable":true,"href":"https:\/\/assetbilisim.com\/en\/wp-json\/wp\/v2\/pages\/18"}],"wp:attachment":[{"href":"https:\/\/assetbilisim.com\/en\/wp-json\/wp\/v2\/media?parent=64"}],"curies":[{"name":"wp","href":"https:\/\/api.w.org\/{rel}","templated":true}]}}