{"id":334,"date":"2019-10-14T14:36:44","date_gmt":"2019-10-14T11:36:44","guid":{"rendered":"http:\/\/assetbilisim.com\/?page_id=334"},"modified":"2020-01-27T15:33:18","modified_gmt":"2020-01-27T12:33:18","slug":"bilgi-okuryazarligi-gelistirme-calismalari","status":"publish","type":"page","link":"https:\/\/assetbilisim.com\/en\/hizmetler\/qlik-projeleri-organizasyon-ve-danismanligi\/bilgi-okuryazarligi-gelistirme-calismalari\/","title":{"rendered":"Bilgi Okuryazarl\u0131\u011f\u0131 Geli\u015ftirme \u00c7al\u0131\u015fmalar\u0131"},"content":{"rendered":"<p>[vc_row][vc_column][vc_custom_heading source=&#8221;post_title&#8221; use_theme_fonts=&#8221;yes&#8221;][vc_separator color=&#8221;custom&#8221; align=&#8221;align_left&#8221; border_width=&#8221;2&#8243; type=&#8221;small&#8221; gap=&#8221;short&#8221; accent_color=&#8221;#069948&#8243;][vc_column_text]\u015eirket ve b\u00f6l\u00fcmlerde bilgi okuryazarl\u0131\u011f\u0131n\u0131 geli\u015ftirmek i\u00e7in s\u00fcre\u00e7 \u00f6l\u00e7\u00fcmleme, aksiyonlar ve \u00e7al\u0131\u015fmalar\u0131n y\u00f6netimine ili\u015fkin \u00e7al\u0131\u015fmalar\u0131 i\u00e7erir.[\/vc_column_text][vc_column_text]extra yaz\u0131 alan\u0131, resim ve video konabilir.[\/vc_column_text][\/vc_column][\/vc_row]<\/p>","protected":false},"excerpt":{"rendered":"<p>[vc_row][vc_column][vc_custom_heading source=&#8221;post_title&#8221; use_theme_fonts=&#8221;yes&#8221;][vc_separator color=&#8221;custom&#8221; align=&#8221;align_left&#8221; border_width=&#8221;2&#8243; type=&#8221;small&#8221; gap=&#8221;short&#8221; accent_color=&#8221;#069948&#8243;][vc_column_text]\u015eirket ve b\u00f6l\u00fcmlerde bilgi okuryazarl\u0131\u011f\u0131n\u0131 geli\u015ftirmek i\u00e7in s\u00fcre\u00e7 \u00f6l\u00e7\u00fcmleme, aksiyonlar ve \u00e7al\u0131\u015fmalar\u0131n y\u00f6netimine ili\u015fkin \u00e7al\u0131\u015fmalar\u0131 i\u00e7erir.[\/vc_column_text][vc_column_text]extra yaz\u0131 alan\u0131, resim ve video konabilir.[\/vc_column_text][\/vc_column][\/vc_row]<\/p>\n","protected":false},"author":2,"featured_media":0,"parent":68,"menu_order":0,"comment_status":"closed","ping_status":"closed","template":"","meta":{"inline_featured_image":false},"_links":{"self":[{"href":"https:\/\/assetbilisim.com\/en\/wp-json\/wp\/v2\/pages\/334"}],"collection":[{"href":"https:\/\/assetbilisim.com\/en\/wp-json\/wp\/v2\/pages"}],"about":[{"href":"https:\/\/assetbilisim.com\/en\/wp-json\/wp\/v2\/types\/page"}],"author":[{"embeddable":true,"href":"https:\/\/assetbilisim.com\/en\/wp-json\/wp\/v2\/users\/2"}],"replies":[{"embeddable":true,"href":"https:\/\/assetbilisim.com\/en\/wp-json\/wp\/v2\/comments?post=334"}],"version-history":[{"count":4,"href":"https:\/\/assetbilisim.com\/en\/wp-json\/wp\/v2\/pages\/334\/revisions"}],"predecessor-version":[{"id":481,"href":"https:\/\/assetbilisim.com\/en\/wp-json\/wp\/v2\/pages\/334\/revisions\/481"}],"up":[{"embeddable":true,"href":"https:\/\/assetbilisim.com\/en\/wp-json\/wp\/v2\/pages\/68"}],"wp:attachment":[{"href":"https:\/\/assetbilisim.com\/en\/wp-json\/wp\/v2\/media?parent=334"}],"curies":[{"name":"wp","href":"https:\/\/api.w.org\/{rel}","templated":true}]}}