{"id":332,"date":"2019-10-14T14:35:43","date_gmt":"2019-10-14T11:35:43","guid":{"rendered":"http:\/\/assetbilisim.com\/?page_id=332"},"modified":"2020-01-27T15:32:48","modified_gmt":"2020-01-27T12:32:48","slug":"qlik-bi-surec-yonetimi","status":"publish","type":"page","link":"https:\/\/assetbilisim.com\/en\/hizmetler\/qlik-projeleri-organizasyon-ve-danismanligi\/qlik-bi-surec-yonetimi\/","title":{"rendered":"Qlik BI S\u00fcre\u00e7 Y\u00f6netimi"},"content":{"rendered":"<p>[vc_row][vc_column][vc_custom_heading source=&#8221;post_title&#8221; use_theme_fonts=&#8221;yes&#8221;][vc_separator color=&#8221;custom&#8221; align=&#8221;align_left&#8221; border_width=&#8221;2&#8243; type=&#8221;small&#8221; gap=&#8221;short&#8221; accent_color=&#8221;#069948&#8243;][vc_column_text]Eleman Se\u00e7imi\/E\u011fitimi, Standart\/Metod Geli\u015ftirme ve\u00a0Milestone\/\u00a0Aksiyon Planlar\u0131 Haz\u0131rlama gibi y\u00f6netimsel dan\u0131\u015fmanl\u0131k ve destek \u00e7al\u0131\u015fmalar\u0131n\u0131 i\u00e7erir.[\/vc_column_text][vc_column_text]extra yaz\u0131 alan\u0131, resim ve video konabilir.[\/vc_column_text][\/vc_column][\/vc_row]<\/p>","protected":false},"excerpt":{"rendered":"<p>[vc_row][vc_column][vc_custom_heading source=&#8221;post_title&#8221; use_theme_fonts=&#8221;yes&#8221;][vc_separator color=&#8221;custom&#8221; align=&#8221;align_left&#8221; border_width=&#8221;2&#8243; type=&#8221;small&#8221; gap=&#8221;short&#8221; accent_color=&#8221;#069948&#8243;][vc_column_text]Eleman Se\u00e7imi\/E\u011fitimi, Standart\/Metod Geli\u015ftirme ve\u00a0Milestone\/\u00a0Aksiyon Planlar\u0131 Haz\u0131rlama gibi y\u00f6netimsel dan\u0131\u015fmanl\u0131k ve destek \u00e7al\u0131\u015fmalar\u0131n\u0131 i\u00e7erir.[\/vc_column_text][vc_column_text]extra yaz\u0131 alan\u0131, resim ve video konabilir.[\/vc_column_text][\/vc_column][\/vc_row]<\/p>\n","protected":false},"author":2,"featured_media":0,"parent":68,"menu_order":0,"comment_status":"closed","ping_status":"closed","template":"","meta":{"inline_featured_image":false},"_links":{"self":[{"href":"https:\/\/assetbilisim.com\/en\/wp-json\/wp\/v2\/pages\/332"}],"collection":[{"href":"https:\/\/assetbilisim.com\/en\/wp-json\/wp\/v2\/pages"}],"about":[{"href":"https:\/\/assetbilisim.com\/en\/wp-json\/wp\/v2\/types\/page"}],"author":[{"embeddable":true,"href":"https:\/\/assetbilisim.com\/en\/wp-json\/wp\/v2\/users\/2"}],"replies":[{"embeddable":true,"href":"https:\/\/assetbilisim.com\/en\/wp-json\/wp\/v2\/comments?post=332"}],"version-history":[{"count":3,"href":"https:\/\/assetbilisim.com\/en\/wp-json\/wp\/v2\/pages\/332\/revisions"}],"predecessor-version":[{"id":480,"href":"https:\/\/assetbilisim.com\/en\/wp-json\/wp\/v2\/pages\/332\/revisions\/480"}],"up":[{"embeddable":true,"href":"https:\/\/assetbilisim.com\/en\/wp-json\/wp\/v2\/pages\/68"}],"wp:attachment":[{"href":"https:\/\/assetbilisim.com\/en\/wp-json\/wp\/v2\/media?parent=332"}],"curies":[{"name":"wp","href":"https:\/\/api.w.org\/{rel}","templated":true}]}}