{"id":325,"date":"2019-10-14T14:30:28","date_gmt":"2019-10-14T11:30:28","guid":{"rendered":"http:\/\/assetbilisim.com\/?page_id=325"},"modified":"2019-10-31T17:35:34","modified_gmt":"2019-10-31T14:35:34","slug":"qlikview-qlik-sense-danismanligi","status":"publish","type":"page","link":"https:\/\/assetbilisim.com\/en\/hizmetler\/qlik-projeleri-organizasyon-ve-danismanligi\/qlikview-qlik-sense-danismanligi\/","title":{"rendered":"QlikView, Qlik Sense Dan\u0131\u015fmanl\u0131\u011f\u0131"},"content":{"rendered":"<p><\/p>\n<p>[vc_row][vc_column][vc_custom_heading source=&#8221;post_title&#8221; use_theme_fonts=&#8221;yes&#8221;][vc_separator color=&#8221;custom&#8221; align=&#8221;align_left&#8221; border_width=&#8221;2&#8243; type=&#8221;small&#8221; gap=&#8221;short&#8221; accent_color=&#8221;#069948&#8243;][vc_column_text]Qlik projelerinde \u00fcr\u00fcn ile ilgili dan\u0131\u015fmanl\u0131k, y\u00f6nlendirme ve destek \u00e7al\u0131\u015fmalar\u0131n\u0131 i\u00e7erir.[\/vc_column_text][vc_column_text]extra yaz\u0131 alan\u0131, resim ve video konabilir.[\/vc_column_text][\/vc_column][\/vc_row]<\/p>\n<p><\/p>","protected":false},"excerpt":{"rendered":"<p>[vc_row][vc_column][vc_custom_heading source=&#8221;post_title&#8221; use_theme_fonts=&#8221;yes&#8221;][vc_separator color=&#8221;custom&#8221; align=&#8221;align_left&#8221; border_width=&#8221;2&#8243; type=&#8221;small&#8221; gap=&#8221;short&#8221; accent_color=&#8221;#069948&#8243;][vc_column_text]Qlik projelerinde \u00fcr\u00fcn ile ilgili dan\u0131\u015fmanl\u0131k, y\u00f6nlendirme ve destek \u00e7al\u0131\u015fmalar\u0131n\u0131 i\u00e7erir.[\/vc_column_text][vc_column_text]extra yaz\u0131 alan\u0131, resim ve video konabilir.[\/vc_column_text][\/vc_column][\/vc_row]<\/p>\n","protected":false},"author":2,"featured_media":0,"parent":68,"menu_order":0,"comment_status":"closed","ping_status":"closed","template":"","meta":{"inline_featured_image":false},"_links":{"self":[{"href":"https:\/\/assetbilisim.com\/en\/wp-json\/wp\/v2\/pages\/325"}],"collection":[{"href":"https:\/\/assetbilisim.com\/en\/wp-json\/wp\/v2\/pages"}],"about":[{"href":"https:\/\/assetbilisim.com\/en\/wp-json\/wp\/v2\/types\/page"}],"author":[{"embeddable":true,"href":"https:\/\/assetbilisim.com\/en\/wp-json\/wp\/v2\/users\/2"}],"replies":[{"embeddable":true,"href":"https:\/\/assetbilisim.com\/en\/wp-json\/wp\/v2\/comments?post=325"}],"version-history":[{"count":4,"href":"https:\/\/assetbilisim.com\/en\/wp-json\/wp\/v2\/pages\/325\/revisions"}],"predecessor-version":[{"id":364,"href":"https:\/\/assetbilisim.com\/en\/wp-json\/wp\/v2\/pages\/325\/revisions\/364"}],"up":[{"embeddable":true,"href":"https:\/\/assetbilisim.com\/en\/wp-json\/wp\/v2\/pages\/68"}],"wp:attachment":[{"href":"https:\/\/assetbilisim.com\/en\/wp-json\/wp\/v2\/media?parent=325"}],"curies":[{"name":"wp","href":"https:\/\/api.w.org\/{rel}","templated":true}]}}