{"id":24,"date":"2019-04-13T13:51:15","date_gmt":"2019-04-13T10:51:15","guid":{"rendered":"http:\/\/assetbilisim.com\/?page_id=24"},"modified":"2019-10-31T18:42:49","modified_gmt":"2019-10-31T15:42:49","slug":"qlikview","status":"publish","type":"page","link":"https:\/\/assetbilisim.com\/en\/urunler\/qlikview\/","title":{"rendered":"QlikView"},"content":{"rendered":"<p>[vc_row full_width=&#8221;stretch_row_content&#8221; wrap_container=&#8221;yes&#8221;][vc_column][vc_row_inner css=&#8221;.vc_custom_1570364735011{padding-top: 35px !important;}&#8221;][vc_column_inner width=&#8221;1\/2&#8243; css=&#8221;.vc_custom_1570364410470{padding-right: 0px !important;padding-left: 0px !important;}&#8221;][vc_single_image image=&#8221;210&#8243; img_size=&#8221;full&#8221; alignment=&#8221;center&#8221;][\/vc_column_inner][vc_column_inner width=&#8221;1\/2&#8243;][vc_custom_heading text=&#8221;QlikView\u00ae : M\u00fckemmelli\u011fin Yeni G\u00fcc\u00fc&#8221; font_container=&#8221;tag:h2|font_size:25|text_align:left&#8221; use_theme_fonts=&#8221;yes&#8221;][vc_custom_heading text=&#8221;Qlik T\u00fcrkiye \u0130\u015f Zekas\u0131 ile Fark\u0131n G\u00fcc\u00fcn\u00fc Ya\u015fay\u0131n!&#8221; font_container=&#8221;tag:h3|font_size:19|text_align:left|color:%23069948&#8243; use_theme_fonts=&#8221;yes&#8221;][vc_separator color=&#8221;custom&#8221; align=&#8221;align_left&#8221; border_width=&#8221;2&#8243; type=&#8221;small&#8221; gap=&#8221;short&#8221; accent_color=&#8221;#069948&#8243;][vc_column_text]\u0130\u015f zekas\u0131 sekt\u00f6r\u00fcn\u00fcn \u00f6nde gelen \u00fcr\u00fcnlerindendir. Bellek i\u00e7i \u00e7al\u0131\u015fma \u015feklinde \u00e7al\u0131\u015fan \u00fcr\u00fcnlerin \u00a0\u00f6nc\u00fclerindendir. Kullan\u0131c\u0131ya yak\u0131nl\u0131\u011f\u0131, kolayl\u0131\u011f\u0131 ve performans\u0131 ile sekt\u00f6r\u00fcn en h\u0131zl\u0131 geli\u015fme g\u00f6steren \u00fcr\u00fcnleri aras\u0131nda yer alm\u0131\u015ft\u0131r.<\/p>\n<p>\u0130\u015fve\u00e7 \u00fcr\u00fcn\u00fc olan\u00a0 QlikView\u00a0 2007 y\u0131l\u0131nda T\u00fcrkiye\u2019de de pazarlanmaya ba\u015flam\u0131\u015ft\u0131r.\u00a0 asSET QlikView \u00fcr\u00fcn\u00fcn\u00fcn en eski i\u015f ortaklar\u0131ndand\u0131r.[\/vc_column_text][vc_column_text]<\/p>\n<div class=\"col-md-qlik\">\n<ul class=\"qlik-p\">\n<li>Self servis g\u00f6rselle\u015ftirme<\/li>\n<li>Veri entegrasyonu<\/li>\n<li>Kolay ve h\u0131zl\u0131 kullan\u0131m<\/li>\n<li>S\u00fcr\u00fckle-b\u0131rak y\u00f6netimi<\/li>\n<li>Merkezi y\u00f6netim<\/li>\n<\/ul>\n<\/div>\n<div class=\"col-md-qlik\">\n<ul class=\"qlik-p\">\n<li>M\u00fckemmel veri payla\u015f\u0131m\u0131<\/li>\n<li>Ak\u0131ll\u0131 arama \u00f6zelli\u011fi<\/li>\n<li>Her yerden ve her cihazdan eri\u015filebilir<\/li>\n<li>G\u00fcvenilir<\/li>\n<li>Her zaman yan\u0131n\u0131zda<\/li>\n<\/ul>\n<\/div>\n<p>[\/vc_column_text][\/vc_column_inner][\/vc_row_inner][\/vc_column][\/vc_row][vc_row][vc_column][vc_column_text]extra yaz\u0131 alan\u0131, resim ve video konabilir.[\/vc_column_text][\/vc_column][\/vc_row]<\/p>","protected":false},"excerpt":{"rendered":"<p>[vc_row full_width=&#8221;stretch_row_content&#8221; wrap_container=&#8221;yes&#8221;][vc_column][vc_row_inner css=&#8221;.vc_custom_1570364735011{padding-top: 35px !important;}&#8221;][vc_column_inner width=&#8221;1\/2&#8243; css=&#8221;.vc_custom_1570364410470{padding-right: 0px !important;padding-left: 0px !important;}&#8221;][vc_single_image image=&#8221;210&#8243; img_size=&#8221;full&#8221; alignment=&#8221;center&#8221;][\/vc_column_inner][vc_column_inner width=&#8221;1\/2&#8243;][vc_custom_heading text=&#8221;QlikView\u00ae : M\u00fckemmelli\u011fin Yeni G\u00fcc\u00fc&#8221; font_container=&#8221;tag:h2|font_size:25|text_align:left&#8221; use_theme_fonts=&#8221;yes&#8221;][vc_custom_heading text=&#8221;Qlik T\u00fcrkiye \u0130\u015f Zekas\u0131 ile Fark\u0131n G\u00fcc\u00fcn\u00fc Ya\u015fay\u0131n!&#8221; font_container=&#8221;tag:h3|font_size:19|text_align:left|color:%23069948&#8243; use_theme_fonts=&#8221;yes&#8221;][vc_separator color=&#8221;custom&#8221; align=&#8221;align_left&#8221; border_width=&#8221;2&#8243; type=&#8221;small&#8221; gap=&#8221;short&#8221; accent_color=&#8221;#069948&#8243;][vc_column_text]\u0130\u015f zekas\u0131 sekt\u00f6r\u00fcn\u00fcn \u00f6nde gelen \u00fcr\u00fcnlerindendir. Bellek i\u00e7i \u00e7al\u0131\u015fma \u015feklinde \u00e7al\u0131\u015fan \u00fcr\u00fcnlerin \u00a0\u00f6nc\u00fclerindendir. Kullan\u0131c\u0131ya yak\u0131nl\u0131\u011f\u0131, kolayl\u0131\u011f\u0131 ve [&hellip;]<\/p>\n","protected":false},"author":2,"featured_media":0,"parent":38,"menu_order":0,"comment_status":"closed","ping_status":"closed","template":"","meta":{"inline_featured_image":false},"_links":{"self":[{"href":"https:\/\/assetbilisim.com\/en\/wp-json\/wp\/v2\/pages\/24"}],"collection":[{"href":"https:\/\/assetbilisim.com\/en\/wp-json\/wp\/v2\/pages"}],"about":[{"href":"https:\/\/assetbilisim.com\/en\/wp-json\/wp\/v2\/types\/page"}],"author":[{"embeddable":true,"href":"https:\/\/assetbilisim.com\/en\/wp-json\/wp\/v2\/users\/2"}],"replies":[{"embeddable":true,"href":"https:\/\/assetbilisim.com\/en\/wp-json\/wp\/v2\/comments?post=24"}],"version-history":[{"count":8,"href":"https:\/\/assetbilisim.com\/en\/wp-json\/wp\/v2\/pages\/24\/revisions"}],"predecessor-version":[{"id":374,"href":"https:\/\/assetbilisim.com\/en\/wp-json\/wp\/v2\/pages\/24\/revisions\/374"}],"up":[{"embeddable":true,"href":"https:\/\/assetbilisim.com\/en\/wp-json\/wp\/v2\/pages\/38"}],"wp:attachment":[{"href":"https:\/\/assetbilisim.com\/en\/wp-json\/wp\/v2\/media?parent=24"}],"curies":[{"name":"wp","href":"https:\/\/api.w.org\/{rel}","templated":true}]}}