{"id":20,"date":"2019-04-13T13:50:45","date_gmt":"2019-04-13T10:50:45","guid":{"rendered":"http:\/\/assetbilisim.com\/?page_id=20"},"modified":"2019-10-31T18:34:48","modified_gmt":"2019-10-31T15:34:48","slug":"qlik-sense","status":"publish","type":"page","link":"https:\/\/assetbilisim.com\/en\/urunler\/qlik-sense\/","title":{"rendered":"Qlik Sense"},"content":{"rendered":"<p>[vc_row full_width=&#8221;stretch_row_content&#8221; wrap_container=&#8221;yes&#8221;][vc_column][vc_row_inner css=&#8221;.vc_custom_1570364735011{padding-top: 35px !important;}&#8221;][vc_column_inner width=&#8221;1\/2&#8243;][vc_custom_heading text=&#8221;Qlik Sense\u00ae : Verileriniz Yan\u0131 Ba\u015f\u0131n\u0131zda&#8221; font_container=&#8221;tag:h2|font_size:25|text_align:left&#8221; use_theme_fonts=&#8221;yes&#8221;][vc_custom_heading text=&#8221;Hayallerinizin \u00d6tesinde Bir Teknoloji!&#8221; font_container=&#8221;tag:h3|font_size:19|text_align:left|color:%23069948&#8243; use_theme_fonts=&#8221;yes&#8221;][vc_separator color=&#8221;custom&#8221; align=&#8221;align_left&#8221; border_width=&#8221;2&#8243; type=&#8221;small&#8221; gap=&#8221;short&#8221; accent_color=&#8221;#069948&#8243;][vc_column_text]Son y\u0131llarda QlikView\u2019\u0131n yeni nesil \u00fcr\u00fcn\u00fc olarak \u00e7\u0131km\u0131\u015ft\u0131r. QlikView ile ayn\u0131 alt yap\u0131y\u0131 kullan\u0131r. QlikView\u2019dan \u00f6ny\u00fczde de\u011fi\u015fiklik g\u00f6steren Qlik Sense, geli\u015fen bilgisayar teknolojileri altyap\u0131lar\u0131nda self servis hizmet yetenekleri daha kuvvetli bir \u00fcr\u00fcn olarak kullan\u0131ma sunulmu\u015ftur.<\/p>\n<p>Qlik ailesinin son \u00fcr\u00fcn\u00fc olan Qlik Sense h\u0131zla yeteneklerini geni\u015fletmektedir.[\/vc_column_text][vc_column_text]<\/p>\n<div class=\"col-md-qlik\">\n<ul class=\"qlik-p\">\n<li>Self servis g\u00f6rselle\u015ftirme<\/li>\n<li>Veri entegrasyonu<\/li>\n<li>Kolay ve h\u0131zl\u0131 kullan\u0131m<\/li>\n<li>S\u00fcr\u00fckle-b\u0131rak y\u00f6netimi<\/li>\n<li>Merkezi y\u00f6netim<\/li>\n<\/ul>\n<\/div>\n<div class=\"col-md-qlik\">\n<ul class=\"qlik-p\">\n<li>M\u00fckemmel veri payla\u015f\u0131m\u0131<\/li>\n<li>Ak\u0131ll\u0131 arama \u00f6zelli\u011fi<\/li>\n<li>Her yerden ve her cihazdan eri\u015filebilir<\/li>\n<li>G\u00fcvenilir<\/li>\n<li>Her zaman yan\u0131n\u0131zda<\/li>\n<\/ul>\n<\/div>\n<p>[\/vc_column_text][\/vc_column_inner][vc_column_inner width=&#8221;1\/2&#8243; css=&#8221;.vc_custom_1570364410470{padding-right: 0px !important;padding-left: 0px !important;}&#8221;][vc_single_image image=&#8221;211&#8243; img_size=&#8221;full&#8221; alignment=&#8221;center&#8221;][\/vc_column_inner][\/vc_row_inner][vc_separator color=&#8221;custom&#8221; style=&#8221;solid&#8221; accent_color=&#8221;#f4f4f4&#8243;][\/vc_column][\/vc_row][vc_row][vc_column][vc_column_text]extra yaz\u0131 alan\u0131, resim ve video konabilir.[\/vc_column_text][\/vc_column][\/vc_row]<\/p>","protected":false},"excerpt":{"rendered":"<p>[vc_row full_width=&#8221;stretch_row_content&#8221; wrap_container=&#8221;yes&#8221;][vc_column][vc_row_inner css=&#8221;.vc_custom_1570364735011{padding-top: 35px !important;}&#8221;][vc_column_inner width=&#8221;1\/2&#8243;][vc_custom_heading text=&#8221;Qlik Sense\u00ae : Verileriniz Yan\u0131 Ba\u015f\u0131n\u0131zda&#8221; font_container=&#8221;tag:h2|font_size:25|text_align:left&#8221; use_theme_fonts=&#8221;yes&#8221;][vc_custom_heading text=&#8221;Hayallerinizin \u00d6tesinde Bir Teknoloji!&#8221; font_container=&#8221;tag:h3|font_size:19|text_align:left|color:%23069948&#8243; use_theme_fonts=&#8221;yes&#8221;][vc_separator color=&#8221;custom&#8221; align=&#8221;align_left&#8221; border_width=&#8221;2&#8243; type=&#8221;small&#8221; gap=&#8221;short&#8221; accent_color=&#8221;#069948&#8243;][vc_column_text]Son y\u0131llarda QlikView\u2019\u0131n yeni nesil \u00fcr\u00fcn\u00fc olarak \u00e7\u0131km\u0131\u015ft\u0131r. QlikView ile ayn\u0131 alt yap\u0131y\u0131 kullan\u0131r. QlikView\u2019dan \u00f6ny\u00fczde de\u011fi\u015fiklik g\u00f6steren Qlik Sense, geli\u015fen bilgisayar teknolojileri altyap\u0131lar\u0131nda self servis hizmet yetenekleri daha [&hellip;]<\/p>\n","protected":false},"author":2,"featured_media":0,"parent":38,"menu_order":0,"comment_status":"closed","ping_status":"closed","template":"","meta":{"inline_featured_image":false},"_links":{"self":[{"href":"https:\/\/assetbilisim.com\/en\/wp-json\/wp\/v2\/pages\/20"}],"collection":[{"href":"https:\/\/assetbilisim.com\/en\/wp-json\/wp\/v2\/pages"}],"about":[{"href":"https:\/\/assetbilisim.com\/en\/wp-json\/wp\/v2\/types\/page"}],"author":[{"embeddable":true,"href":"https:\/\/assetbilisim.com\/en\/wp-json\/wp\/v2\/users\/2"}],"replies":[{"embeddable":true,"href":"https:\/\/assetbilisim.com\/en\/wp-json\/wp\/v2\/comments?post=20"}],"version-history":[{"count":7,"href":"https:\/\/assetbilisim.com\/en\/wp-json\/wp\/v2\/pages\/20\/revisions"}],"predecessor-version":[{"id":372,"href":"https:\/\/assetbilisim.com\/en\/wp-json\/wp\/v2\/pages\/20\/revisions\/372"}],"up":[{"embeddable":true,"href":"https:\/\/assetbilisim.com\/en\/wp-json\/wp\/v2\/pages\/38"}],"wp:attachment":[{"href":"https:\/\/assetbilisim.com\/en\/wp-json\/wp\/v2\/media?parent=20"}],"curies":[{"name":"wp","href":"https:\/\/api.w.org\/{rel}","templated":true}]}}