{"id":2,"date":"2019-04-13T13:24:21","date_gmt":"2019-04-13T10:24:21","guid":{"rendered":"http:\/\/assetbilisim.com\/?page_id=2"},"modified":"2022-09-08T16:03:46","modified_gmt":"2022-09-08T13:03:46","slug":"anasayfa","status":"publish","type":"page","link":"https:\/\/assetbilisim.com\/en\/","title":{"rendered":"Home"},"content":{"rendered":"<p>[vc_row][vc_column][rev_slider_vc alias=&#8221;slider-modulu-v1&#8243;][\/vc_column][\/vc_row][vc_row][vc_column][vc_row_inner][vc_column_inner width=&#8221;1\/2&#8243;][vc_single_image image=&#8221;220&#8243; img_size=&#8221;full&#8221; alignment=&#8221;center&#8221;][\/vc_column_inner][vc_column_inner width=&#8221;1\/2&#8243;][vc_custom_heading text=&#8221;About us&#8221; font_container=&#8221;tag:h2|font_size:25|text_align:left&#8221; use_theme_fonts=&#8221;yes&#8221;][vc_separator color=&#8221;custom&#8221; align=&#8221;align_left&#8221; border_width=&#8221;2&#8243; type=&#8221;small&#8221; gap=&#8221;short&#8221; accent_color=&#8221;#069948&#8243;][vc_column_text]2002 y\u0131l\u0131nda kurulan \u00a0asSET, ilk y\u0131llarda \u00a0Proje Y\u00f6netimi, IT Dan\u0131\u015fmanl\u0131\u011f\u0131, Outsource Hizmeti ve IT Denetim alanlar\u0131nda \u00e7al\u0131\u015ft\u0131. 2007 y\u0131l\u0131ndan itibaren Qlik T\u00fcrkiye i\u015f orta\u011f\u0131 olarak\u00a0 \u0130\u015f Zekas\u0131, QlikView ve Qlik Sense projeleri ile hizmet a\u011f\u0131n\u0131 geni\u015fletti.<\/p>\n<p>Sadece \u00fcr\u00fcn sat\u0131\u015f\u0131 ve proje geli\u015ftirme hizmeti vermeyip, Qlik \u00fcr\u00fcnlerinin yayg\u0131n ve etkin\u00a0 bir \u015fekilde kullan\u0131lmas\u0131 i\u00e7in <strong>y\u00f6netimsel destek <\/strong>vermekte ve\u00a0 haz\u0131rlanan uygulamalar\u0131n g\u00f6rsel tasar\u0131m\u0131nda <strong>\u00f6\u011frenme psikolojinin<\/strong> de dikkate al\u0131nmas\u0131na dikkat edilmektedir. \u00a0asSET \u00fcr\u00fcn ba\u011f\u0131ms\u0131z olarak kurumlarda bilgi okuryazarl\u0131\u011f\u0131n\u0131n art\u0131r\u0131lmas\u0131 ile ilgili \u00e7al\u0131\u015fmalar da yapmaktad\u0131r.[\/vc_column_text][\/vc_column_inner][\/vc_row_inner][vc_separator color=&#8221;custom&#8221; style=&#8221;solid&#8221; accent_color=&#8221;#f4f4f4&#8243;][\/vc_column][\/vc_row][vc_row][vc_column][vc_custom_heading text=&#8221;\u00dcr\u00fcnlerimiz&#8221; font_container=&#8221;tag:h2|font_size:25|text_align:center&#8221; use_theme_fonts=&#8221;yes&#8221;][vc_column_text]<\/p>\n<p style=\"text-align: center;\"><strong>QlikView<\/strong> ve<strong> Qlik Sense<\/strong>, t\u00fcm kullan\u0131c\u0131lar i\u00e7in self servis BI (\u0130\u015f Zekas\u0131) olanaklar\u0131 sa\u011flayan bir veri ke\u015ffi arac\u0131d\u0131r. QlikView ve Qlik Sense ile t\u00fcm veri kaynaklar\u0131n\u0131 bir araya getirebilir, analiz edebilir ve karar almay\u0131 desteklemesi i\u00e7in h\u0131zl\u0131 ve g\u00fcvenilir raporlar \u00fcretebilirsiniz.<\/p>\n<p>[\/vc_column_text][vc_separator color=&#8221;custom&#8221; border_width=&#8221;2&#8243; type=&#8221;small&#8221; gap=&#8221;short&#8221; accent_color=&#8221;#069948&#8243;][\/vc_column][\/vc_row][vc_row full_width=&#8221;stretch_row_content&#8221; wrap_container=&#8221;yes&#8221; css=&#8221;.vc_custom_1570367483784{background-color: #efefef !important;}&#8221;][vc_column][vc_row_inner css=&#8221;.vc_custom_1570364735011{padding-top: 35px !important;}&#8221;][vc_column_inner width=&#8221;1\/2&#8243; css=&#8221;.vc_custom_1570364410470{padding-right: 0px !important;padding-left: 0px !important;}&#8221;][vc_single_image image=&#8221;210&#8243; img_size=&#8221;full&#8221; alignment=&#8221;center&#8221;][\/vc_column_inner][vc_column_inner width=&#8221;1\/2&#8243;][vc_custom_heading text=&#8221;QlikView\u00ae : Y\u00f6nlendirilmi\u015f Analizler&#8221; font_container=&#8221;tag:h2|font_size:25|text_align:left&#8221; use_theme_fonts=&#8221;yes&#8221;][vc_custom_heading text=&#8221;asSET ile Projelere Farkl\u0131 Bak\u0131\u015f\u0131n G\u00fcc\u00fcn\u00fc Ya\u015fay\u0131n!&#8221; font_container=&#8221;tag:h3|font_size:19|text_align:left|color:%23069948&#8243; use_theme_fonts=&#8221;yes&#8221;][vc_separator color=&#8221;custom&#8221; align=&#8221;align_left&#8221; border_width=&#8221;2&#8243; type=&#8221;small&#8221; gap=&#8221;short&#8221; accent_color=&#8221;#069948&#8243;][vc_column_text]\u0130\u015f zekas\u0131 sekt\u00f6r\u00fcn\u00fcn \u00f6nde gelen \u00fcr\u00fcnlerindendir. Bellek i\u00e7i \u00e7al\u0131\u015fma \u015feklinde \u00e7al\u0131\u015fan \u00fcr\u00fcnlerin \u00a0\u00f6nc\u00fclerindendir. Kullan\u0131c\u0131ya yak\u0131nl\u0131\u011f\u0131, kolayl\u0131\u011f\u0131 ve performans\u0131 ile sekt\u00f6r\u00fcn en h\u0131zl\u0131 geli\u015fme g\u00f6steren \u00fcr\u00fcnleri aras\u0131nda yer alm\u0131\u015ft\u0131r.<\/p>\n<p>\u0130\u015fve\u00e7 \u00fcr\u00fcn\u00fc olan\u00a0 QlikView\u00a0 2007 y\u0131l\u0131nda T\u00fcrkiye\u2019de de pazarlanmaya ba\u015flam\u0131\u015ft\u0131r.\u00a0 asSET QlikView \u00fcr\u00fcn\u00fcn\u00fcn en eski i\u015f ortaklar\u0131ndand\u0131r.[\/vc_column_text][vc_column_text]<\/p>\n<div class=\"col-md-qlik\">\n<ul class=\"qlik-p\">\n<li>\u0130\u015f Zekas\u0131 projeleri aksiyon planlar\u0131 \/ yol haritalar\u0131<\/li>\n<li>\u0130\u015f Zekas\u0131 projelerine \u00fcst y\u00f6netim deste\u011fi<\/li>\n<li>Veri Analizi Uygulamalar\u0131 &amp; Dashboard Tasar\u0131mlar\u0131<\/li>\n<li>Veri analizi ve raporlama fark\u0131<\/li>\n<\/ul>\n<\/div>\n<div class=\"col-md-qlik\"><\/div>\n<p>[\/vc_column_text][vc_separator color=&#8221;custom&#8221; align=&#8221;align_left&#8221; type=&#8221;small&#8221; gap=&#8221;short&#8221; accent_color=&#8221;#efefef&#8221;][vc_btn title=&#8221;\u00dcr\u00fcn\u00fc \u0130ncele&#8221; style=&#8221;custom&#8221; custom_background=&#8221;#069948&#8243; custom_text=&#8221;#ffffff&#8221; align=&#8221;left&#8221; i_align=&#8221;right&#8221; i_icon_fontawesome=&#8221;fa fa-angle-right&#8221; add_icon=&#8221;true&#8221; link=&#8221;url:https%3A%2F%2Fassetbilisim.com%2Furunler%2Fqlikview%2F|||&#8221;][\/vc_column_inner][\/vc_row_inner][\/vc_column][\/vc_row][vc_row full_width=&#8221;stretch_row_content&#8221; wrap_container=&#8221;yes&#8221;][vc_column][vc_row_inner css=&#8221;.vc_custom_1570364735011{padding-top: 35px !important;}&#8221;][vc_column_inner width=&#8221;1\/2&#8243;][vc_custom_heading text=&#8221;Qlik Sense\u00ae : Self Servis.. Bilgi okuryazarl\u0131\u011f\u0131 y\u00fcksek kullan\u0131c\u0131lar i\u00e7in ideal !&#8221; font_container=&#8221;tag:h2|font_size:25|text_align:left&#8221; use_theme_fonts=&#8221;yes&#8221;][vc_custom_heading text=&#8221;Nas\u0131l istiyorsan de\u011fi\u015ftir ve Analiz et.&#8221; font_container=&#8221;tag:h3|font_size:19|text_align:left|color:%23069948&#8243; use_theme_fonts=&#8221;yes&#8221;][vc_separator color=&#8221;custom&#8221; align=&#8221;align_left&#8221; border_width=&#8221;2&#8243; type=&#8221;small&#8221; gap=&#8221;short&#8221; accent_color=&#8221;#069948&#8243;][vc_column_text]Son y\u0131llarda QlikView\u2019\u0131n yeni nesil \u00fcr\u00fcn\u00fc olarak \u00e7\u0131km\u0131\u015ft\u0131r. QlikView ile ayn\u0131 alt yap\u0131y\u0131 kullan\u0131r. QlikView\u2019dan \u00f6ny\u00fczde de\u011fi\u015fiklik g\u00f6steren Qlik Sense, geli\u015fen bilgisayar teknolojileri altyap\u0131lar\u0131nda self servis hizmet yetenekleri daha kuvvetli bir \u00fcr\u00fcn olarak kullan\u0131ma sunulmu\u015ftur.<\/p>\n<p>Qlik ailesinin son \u00fcr\u00fcn\u00fc olan Qlik Sense h\u0131zla yeteneklerini geni\u015fletmektedir.[\/vc_column_text][vc_column_text]<\/p>\n<div class=\"col-md-qlik\">\n<ul class=\"qlik-p\">\n<li>Veri Analizi Uygulamalar\u0131 &amp; Dashboard Tasar\u0131mlar\u0131<\/li>\n<li>Kaliteli verimli e\u011fitim<\/li>\n<li>Bilgi okuryazarl\u0131\u011f\u0131n\u0131n \u00f6l\u00e7\u00fclmesi<\/li>\n<li>Bilgi okuryazarl\u0131\u011f\u0131 geli\u015ftirme projeleri<\/li>\n<li>Veri analizi uygulama geli\u015ftirme metodu<\/li>\n<\/ul>\n<\/div>\n<div class=\"col-md-qlik\"><\/div>\n<p>[\/vc_column_text][vc_separator color=&#8221;custom&#8221; align=&#8221;align_left&#8221; type=&#8221;small&#8221; gap=&#8221;short&#8221; accent_color=&#8221;#ffffff&#8221;][vc_btn title=&#8221;\u00dcr\u00fcn\u00fc \u0130ncele&#8221; style=&#8221;custom&#8221; custom_background=&#8221;#069948&#8243; custom_text=&#8221;#ffffff&#8221; align=&#8221;left&#8221; i_align=&#8221;right&#8221; i_icon_fontawesome=&#8221;fa fa-angle-right&#8221; add_icon=&#8221;true&#8221; link=&#8221;url:https%3A%2F%2Fassetbilisim.com%2Furunler%2Fqlik-sense%2F|||&#8221;][\/vc_column_inner][vc_column_inner width=&#8221;1\/2&#8243; css=&#8221;.vc_custom_1570364410470{padding-right: 0px !important;padding-left: 0px !important;}&#8221;][vc_single_image image=&#8221;211&#8243; img_size=&#8221;full&#8221; alignment=&#8221;center&#8221;][\/vc_column_inner][\/vc_row_inner][vc_separator color=&#8221;custom&#8221; style=&#8221;solid&#8221; accent_color=&#8221;#f4f4f4&#8243;][\/vc_column][\/vc_row][vc_row full_width=&#8221;stretch_row_content&#8221; wrap_container=&#8221;yes&#8221; css=&#8221;.vc_custom_1570690851262{background-color: #f7f7f7 !important;}&#8221;][vc_column][vc_row_inner][vc_column_inner css=&#8221;.vc_custom_1570367560629{padding-top: 45px !important;padding-bottom: 15px !important;}&#8221;][vc_custom_heading text=&#8221;Hizmetler ve Dan\u0131\u015fmanl\u0131k&#8221; font_container=&#8221;tag:h2|font_size:25|text_align:center&#8221; use_theme_fonts=&#8221;yes&#8221;][vc_column_text]<\/p>\n<p style=\"text-align: center;\">Tamamen i\u015f zekas\u0131 sekt\u00f6r\u00fcne odakl\u0131 ekibiyle hizmet veren asSET B\u0130L\u0130\u015e\u0130M, bug\u00fcn T\u00fcrkiye\u2019nin \u00f6nde gelen kurumlar\u0131nda QlikView ve Qlik Sense \u0130\u015f Zekas\u0131 Platformlar\u0131yla e\u011fitim, dan\u0131\u015fmanl\u0131k, anahtar teslim proje, ve teknik destek gibi konularda hizmet sunmaktad\u0131r.<\/p>\n<p>[\/vc_column_text][vc_separator color=&#8221;custom&#8221; border_width=&#8221;2&#8243; type=&#8221;small&#8221; gap=&#8221;short&#8221; accent_color=&#8221;#069948&#8243;][vc_empty_space height=&#8221;15&#8243;]<div class=\"porto-carousel owl-carousel  stage-margin rounded-nav\" data-plugin-options=\"{&quot;stagePadding&quot;:40,&quot;margin&quot;:10,&quot;autoplay&quot;:&quot;yes&quot;,&quot;autoplayTimeout&quot;:3000,&quot;autoplayHoverPause&quot;:false,&quot;items&quot;:4,&quot;lg&quot;:4,&quot;md&quot;:3,&quot;sm&quot;:1,&quot;xs&quot;:1,&quot;nav&quot;:&quot;yes&quot;,&quot;dots&quot;:false,&quot;animateIn&quot;:&quot;&quot;,&quot;animateOut&quot;:&quot;&quot;,&quot;loop&quot;:&quot;yes&quot;,&quot;center&quot;:false,&quot;video&quot;:false,&quot;lazyLoad&quot;:false}\"><div class=\"porto-sicon-wrapper style_1\"><a class=\"porto-sicon-box-link\" href=\"https:\/\/assetbilisim.com\/hizmetler\/qlikview-ve-qlik-sense-lisans-satislari\/\"   ><div class=\"porto-sicon-box top-icon\" style=\"\"  ><div class=\"porto-sicon-top\"><div id=\"porto-icon-33243369eb798e576c2\" class=\"porto-just-icon-wrapper  \"><div class=\"align-icon\" style=\"text-align:center;\">\n<div class=\"porto-sicon-img \" style=\"font-size:120px;display:inline-block;\" >\n\t<img class=\"img-icon\" alt=\"\" src=\"https:\/\/assetbilisim.com\/wp-content\/uploads\/2019\/10\/d1.svg\"\/>\n<\/div><\/div><\/div><\/div><div class=\"porto-sicon-header\" ><h3 class=\"porto-sicon-title\" style=\"font-weight:500;font-size:22px;\">Lisans Sat\u0131\u015flar\u0131<\/h3><p style=\"font-size:19px;\">Detayl\u0131 Bilgi<\/p><\/div> <!-- header --><\/div> <!-- porto-sicon-box --><\/a><\/div><div class=\"porto-sicon-wrapper style_1\"><a class=\"porto-sicon-box-link\" href=\"https:\/\/assetbilisim.com\/hizmetler\/qlik-projeleri-organizasyon-ve-danismanligi\/\"   ><div class=\"porto-sicon-box top-icon\" style=\"\"  ><div class=\"porto-sicon-top\"><div id=\"porto-icon-155985941169eb798e57f38\" class=\"porto-just-icon-wrapper  \"><div class=\"align-icon\" style=\"text-align:center;\">\n<div class=\"porto-sicon-img \" style=\"font-size:120px;display:inline-block;\" >\n\t<img class=\"img-icon\" alt=\"\" src=\"https:\/\/assetbilisim.com\/wp-content\/uploads\/2019\/10\/d2.svg\"\/>\n<\/div><\/div><\/div><\/div><div class=\"porto-sicon-header\" ><h3 class=\"porto-sicon-title\" style=\"font-weight:500;font-size:22px;\">Dan\u0131\u015fmanl\u0131k<\/h3><p style=\"font-size:19px;\">Detayl\u0131 Bilgi<\/p><\/div> <!-- header --><\/div> <!-- porto-sicon-box --><\/a><\/div><div class=\"porto-sicon-wrapper style_1\"><a class=\"porto-sicon-box-link\" href=\"https:\/\/assetbilisim.com\/hizmetler\/qlikview-qlik-sense-dashboard-veri-analizi-uygulamasi-gelistirme\/\"   ><div class=\"porto-sicon-box top-icon\" style=\"\"  ><div class=\"porto-sicon-top\"><div id=\"porto-icon-139595198269eb798e58788\" class=\"porto-just-icon-wrapper  \"><div class=\"align-icon\" style=\"text-align:center;\">\n<div class=\"porto-sicon-img \" style=\"font-size:120px;display:inline-block;\" >\n\t<img class=\"img-icon\" alt=\"\" src=\"https:\/\/assetbilisim.com\/wp-content\/uploads\/2019\/10\/d3.svg\"\/>\n<\/div><\/div><\/div><\/div><div class=\"porto-sicon-header\" ><h3 class=\"porto-sicon-title\" style=\"font-weight:500;font-size:22px;\">Veri Analizi Uygulamalar\u0131<\/h3><p style=\"font-size:19px;\">Detayl\u0131 Bilgi<\/p><\/div> <!-- header --><\/div> <!-- porto-sicon-box --><\/a><\/div><div class=\"porto-sicon-wrapper style_1\"><a class=\"porto-sicon-box-link\" href=\"https:\/\/assetbilisim.com\/hizmetler\/qlikview-qlik-sense-egitimleri\/\"   ><div class=\"porto-sicon-box top-icon\" style=\"\"  ><div class=\"porto-sicon-top\"><div id=\"porto-icon-32170271869eb798e58f08\" class=\"porto-just-icon-wrapper  \"><div class=\"align-icon\" style=\"text-align:center;\">\n<div class=\"porto-sicon-img \" style=\"font-size:120px;display:inline-block;\" >\n\t<img class=\"img-icon\" alt=\"\" src=\"https:\/\/assetbilisim.com\/wp-content\/uploads\/2019\/10\/d4.svg\"\/>\n<\/div><\/div><\/div><\/div><div class=\"porto-sicon-header\" ><h3 class=\"porto-sicon-title\" style=\"font-weight:500;font-size:22px;\">E\u011fitimler<\/h3><p style=\"font-size:19px;\">Detayl\u0131 Bilgi<\/p><\/div> <!-- header --><\/div> <!-- porto-sicon-box --><\/a><\/div><div class=\"porto-sicon-wrapper style_1\"><a class=\"porto-sicon-box-link\" href=\" https:\/\/assetbilisim.com\/hizmetler\/model-468\/\"   ><div class=\"porto-sicon-box top-icon\" style=\"\"  ><div class=\"porto-sicon-top\"><div id=\"porto-icon-27214984169eb798e5979c\" class=\"porto-just-icon-wrapper  \"><div class=\"align-icon\" style=\"text-align:center;\">\n<div class=\"porto-sicon-img \" style=\"font-size:500px;display:inline-block;\" >\n\t<img class=\"img-icon\" alt=\"\" src=\"https:\/\/assetbilisim.com\/wp-content\/uploads\/2020\/01\/468-ye\u015fil.png\"\/>\n<\/div><\/div><\/div><\/div><div class=\"porto-sicon-header\" ><h3 class=\"porto-sicon-title\" style=\"font-weight:500;font-size:22px;\">Model 468<\/h3><p style=\"font-size:19px;\">Detayl\u0131 Bilgi<\/p><\/div> <!-- header --><\/div> <!-- porto-sicon-box --><\/a><\/div><\/div>[\/vc_column_inner][\/vc_row_inner][\/vc_column][\/vc_row][vc_row][vc_column][vc_row_inner][vc_column_inner css=&#8221;.vc_custom_1570366767872{padding-top: 35px !important;padding-bottom: 35px !important;}&#8221;][vc_custom_heading text=&#8221;Bizi Tercih Eden Firmalar&#8221; font_container=&#8221;tag:h2|font_size:25|text_align:center&#8221; use_theme_fonts=&#8221;yes&#8221;][vc_separator color=&#8221;custom&#8221; border_width=&#8221;2&#8243; type=&#8221;small&#8221; gap=&#8221;short&#8221; accent_color=&#8221;#069948&#8243;][vc_empty_space height=&#8221;15&#8243;]<div class=\"porto-carousel owl-carousel  stage-margin rounded-nav\" data-plugin-options=\"{&quot;stagePadding&quot;:40,&quot;margin&quot;:10,&quot;autoplay&quot;:&quot;yes&quot;,&quot;autoplayTimeout&quot;:3000,&quot;autoplayHoverPause&quot;:false,&quot;items&quot;:6,&quot;lg&quot;:6,&quot;md&quot;:3,&quot;sm&quot;:2,&quot;xs&quot;:2,&quot;nav&quot;:&quot;yes&quot;,&quot;dots&quot;:false,&quot;animateIn&quot;:&quot;&quot;,&quot;animateOut&quot;:&quot;&quot;,&quot;loop&quot;:&quot;yes&quot;,&quot;center&quot;:false,&quot;video&quot;:false,&quot;lazyLoad&quot;:false}\">[vc_single_image image=&#8221;386&#8243;][vc_single_image image=&#8221;196&#8243; img_size=&#8221;full&#8221; alignment=&#8221;center&#8221;][vc_single_image image=&#8221;188&#8243; img_size=&#8221;full&#8221; alignment=&#8221;center&#8221;][vc_single_image image=&#8221;189&#8243; img_size=&#8221;full&#8221; alignment=&#8221;center&#8221;][vc_single_image image=&#8221;192&#8243; img_size=&#8221;full&#8221; alignment=&#8221;center&#8221;][vc_single_image image=&#8221;193&#8243; img_size=&#8221;full&#8221; alignment=&#8221;center&#8221;][vc_single_image image=&#8221;195&#8243; img_size=&#8221;full&#8221; alignment=&#8221;center&#8221;][vc_single_image image=&#8221;187&#8243; img_size=&#8221;full&#8221; alignment=&#8221;center&#8221;][vc_single_image image=&#8221;185&#8243; img_size=&#8221;full&#8221; alignment=&#8221;center&#8221;][vc_single_image image=&#8221;190&#8243; img_size=&#8221;full&#8221; alignment=&#8221;center&#8221;][vc_single_image image=&#8221;186&#8243; img_size=&#8221;full&#8221; alignment=&#8221;center&#8221;][vc_single_image image=&#8221;191&#8243; img_size=&#8221;full&#8221; alignment=&#8221;center&#8221;][vc_single_image image=&#8221;194&#8243; img_size=&#8221;full&#8221; alignment=&#8221;center&#8221;][vc_single_image image=&#8221;197&#8243; img_size=&#8221;full&#8221; alignment=&#8221;center&#8221;]<\/div>[\/vc_column_inner][\/vc_row_inner][\/vc_column][\/vc_row][vc_row][vc_column][vc_text_separator title=&#8221;Bizden Haberler&#8221; i_icon_fontawesome=&#8221;fa fa-newspaper-o&#8221; i_color=&#8221;custom&#8221; title_align=&#8221;separator_align_left&#8221; color=&#8221;custom&#8221; style=&#8221;solid&#8221; element=&#8221;h2&#8243; add_icon=&#8221;true&#8221; i_custom_color=&#8221;#069948&#8243; accent_color=&#8221;#efefef&#8221;][vc_empty_space height=&#8221;15&#8243;][vc_row_inner css=&#8221;.vc_custom_1570707285756{margin-top: 25px !important;}&#8221;][vc_column_inner]<div class=\"porto-recent-posts wpb_content_element \">    <div class=\"row\">\r\n        <div class=\"post-carousel porto-carousel owl-carousel\" data-plugin-options=\"{&quot;themeConfig&quot;:true,&quot;lg&quot;:3,&quot;md&quot;:3,&quot;sm&quot;:1}\">\r\n            <div class=\"post-slide\"><div class=\"post-item\">\n    <div class=\"post-date\">\n        <span class=\"day\">19<\/span>\n    <span class=\"month\">Jan<\/span>\n      <\/div>\n    <h4><a href=\"https:\/\/assetbilisim.com\/en\/tubitak-bilgeme-qlik-sense-modelleme-egitimi\/\">\n    (Turkish) T\u00fcbitak Bilgem&#8217;e Qlik Sense Modelleme E\u011fitimi    <\/a><\/h4>\n    <p class=\"post-excerpt\">Sorry, this entry is only available in Turkish.\n <a class=\"read-more\" href=\"https:\/\/assetbilisim.com\/en\/tubitak-bilgeme-qlik-sense-modelleme-egitimi\/\">read more <i class=\"fa fa-angle-right\"><\/i><\/a><\/p> <\/div>\n<\/div><div class=\"post-slide\"><div class=\"post-item\">\n    <div class=\"post-date\">\n        <span class=\"day\">19<\/span>\n    <span class=\"month\">Jan<\/span>\n      <\/div>\n    <h4><a href=\"https:\/\/assetbilisim.com\/en\/tubitak-bilgeme-qlik-sense-developer-egitimi\/\">\n    (Turkish) T\u00fcbitak Bilgem&#8217;e Qlik Sense Developer E\u011fitimi    <\/a><\/h4>\n    <p class=\"post-excerpt\">Sorry, this entry is only available in Turkish.\n <a class=\"read-more\" href=\"https:\/\/assetbilisim.com\/en\/tubitak-bilgeme-qlik-sense-developer-egitimi\/\">read more <i class=\"fa fa-angle-right\"><\/i><\/a><\/p> <\/div>\n<\/div><div class=\"post-slide\"><div class=\"post-item\">\n    <div class=\"post-date\">\n        <span class=\"day\">19<\/span>\n    <span class=\"month\">Jan<\/span>\n      <\/div>\n    <h4><a href=\"https:\/\/assetbilisim.com\/en\/tubitak-bilgeme-qlik-sense-end-user-egitimi\/\">\n    (Turkish) T\u00fcbitak Bilgem&#8217;e Qlik Sense End User E\u011fitimi\u00a0    <\/a><\/h4>\n    <p class=\"post-excerpt\">Sorry, this entry is only available in Turkish.\n <a class=\"read-more\" href=\"https:\/\/assetbilisim.com\/en\/tubitak-bilgeme-qlik-sense-end-user-egitimi\/\">read more <i class=\"fa fa-angle-right\"><\/i><\/a><\/p> <\/div>\n<\/div><div class=\"post-slide\"><div class=\"post-item\">\n    <a href=\"https:\/\/assetbilisim.com\/en\/bi-surec-olcumleme-model-468\/\"> <span class=\"post-image thumb-info thumb-info-hide-wrapper-bg m-b-md\"> <span class=\"thumb-info-wrapper\"> <img class=\"img-responsive\" width=\"450\" height=\"231\" src=\"https:\/\/assetbilisim.com\/wp-content\/uploads\/2020\/03\/Model468_Icon-450x231.jpg\" alt=\"\" \/>\n    <\/span> <\/span> <\/a>\n    <div class=\"post-date\">\n        <span class=\"day\">05<\/span>\n    <span class=\"month\">Mar<\/span>\n      <\/div>\n    <h4><a href=\"https:\/\/assetbilisim.com\/en\/bi-surec-olcumleme-model-468\/\">\n    (Turkish) BI S\u00fcre\u00e7 \u00d6l\u00e7\u00fcmleme Model-468    <\/a><\/h4>\n    <p class=\"post-excerpt\">Sorry, this entry is only available in Turkish.\n <a class=\"read-more\" href=\"https:\/\/assetbilisim.com\/en\/bi-surec-olcumleme-model-468\/\">read more <i class=\"fa fa-angle-right\"><\/i><\/a><\/p> <\/div>\n<\/div><div class=\"post-slide\"><div class=\"post-item\">\n    <a href=\"https:\/\/assetbilisim.com\/en\/kurumsal-bilgi-okuryazarligi-neden-onemli\/\"> <span class=\"post-image thumb-info thumb-info-hide-wrapper-bg m-b-md\"> <span class=\"thumb-info-wrapper\"> <img class=\"img-responsive\" width=\"450\" height=\"231\" src=\"https:\/\/assetbilisim.com\/wp-content\/uploads\/2020\/02\/Regional-excellence-450x231.png\" alt=\"\" \/>\n    <\/span> <\/span> <\/a>\n    <div class=\"post-date\">\n        <span class=\"day\">26<\/span>\n    <span class=\"month\">Feb<\/span>\n      <\/div>\n    <h4><a href=\"https:\/\/assetbilisim.com\/en\/kurumsal-bilgi-okuryazarligi-neden-onemli\/\">\n    (Turkish) Kurumsal Bilgi Okuryazarl\u0131\u011f\u0131 Neden \u00d6nemli ?    <\/a><\/h4>\n    <p class=\"post-excerpt\">Sorry, this entry is only available in Turkish.\n <a class=\"read-more\" href=\"https:\/\/assetbilisim.com\/en\/kurumsal-bilgi-okuryazarligi-neden-onemli\/\">read more <i class=\"fa fa-angle-right\"><\/i><\/a><\/p> <\/div>\n<\/div><div class=\"post-slide\"><div class=\"post-item\">\n    <a href=\"https:\/\/assetbilisim.com\/en\/is-zekasi-bi-olgunluk-asamalari\/\"> <span class=\"post-image thumb-info thumb-info-hide-wrapper-bg m-b-md\"> <span class=\"thumb-info-wrapper\"> <img class=\"img-responsive\" width=\"450\" height=\"231\" src=\"https:\/\/assetbilisim.com\/wp-content\/uploads\/2020\/02\/O-A\u015fama_800x800-2-450x231.jpg\" alt=\"\" \/>\n    <\/span> <\/span> <\/a>\n    <div class=\"post-date\">\n        <span class=\"day\">28<\/span>\n    <span class=\"month\">Jan<\/span>\n      <\/div>\n    <h4><a href=\"https:\/\/assetbilisim.com\/en\/is-zekasi-bi-olgunluk-asamalari\/\">\n    (Turkish) \u0130\u015f Zekas\u0131 (BI) Olgunluk A\u015famalar\u0131    <\/a><\/h4>\n    <p class=\"post-excerpt\">Sorry, this entry is only available in Turkish.\n <a class=\"read-more\" href=\"https:\/\/assetbilisim.com\/en\/is-zekasi-bi-olgunluk-asamalari\/\">read more <i class=\"fa fa-angle-right\"><\/i><\/a><\/p> <\/div>\n<\/div>        <\/div>\r\n    <\/div>\r\n    <\/div>[\/vc_column_inner][\/vc_row_inner][\/vc_column][\/vc_row]<\/p>\n","protected":false},"excerpt":{"rendered":"<p>[vc_row][vc_column][rev_slider_vc alias=&#8221;slider-modulu-v1&#8243;][\/vc_column][\/vc_row][vc_row][vc_column][vc_row_inner][vc_column_inner width=&#8221;1\/2&#8243;][vc_single_image image=&#8221;220&#8243; img_size=&#8221;full&#8221; alignment=&#8221;center&#8221;][\/vc_column_inner][vc_column_inner width=&#8221;1\/2&#8243;][vc_custom_heading text=&#8221;About us&#8221; font_container=&#8221;tag:h2|font_size:25|text_align:left&#8221; use_theme_fonts=&#8221;yes&#8221;][vc_separator color=&#8221;custom&#8221; align=&#8221;align_left&#8221; border_width=&#8221;2&#8243; type=&#8221;small&#8221; gap=&#8221;short&#8221; accent_color=&#8221;#069948&#8243;][vc_column_text]2002 y\u0131l\u0131nda kurulan \u00a0asSET, ilk y\u0131llarda \u00a0Proje Y\u00f6netimi, IT Dan\u0131\u015fmanl\u0131\u011f\u0131, Outsource Hizmeti ve IT Denetim alanlar\u0131nda \u00e7al\u0131\u015ft\u0131. 2007 y\u0131l\u0131ndan itibaren Qlik T\u00fcrkiye i\u015f orta\u011f\u0131 olarak\u00a0 \u0130\u015f Zekas\u0131, QlikView ve Qlik Sense projeleri ile hizmet a\u011f\u0131n\u0131 geni\u015fletti. Sadece \u00fcr\u00fcn sat\u0131\u015f\u0131 [&hellip;]<\/p>\n","protected":false},"author":2,"featured_media":0,"parent":0,"menu_order":0,"comment_status":"closed","ping_status":"closed","template":"","meta":{"inline_featured_image":false},"_links":{"self":[{"href":"https:\/\/assetbilisim.com\/en\/wp-json\/wp\/v2\/pages\/2"}],"collection":[{"href":"https:\/\/assetbilisim.com\/en\/wp-json\/wp\/v2\/pages"}],"about":[{"href":"https:\/\/assetbilisim.com\/en\/wp-json\/wp\/v2\/types\/page"}],"author":[{"embeddable":true,"href":"https:\/\/assetbilisim.com\/en\/wp-json\/wp\/v2\/users\/2"}],"replies":[{"embeddable":true,"href":"https:\/\/assetbilisim.com\/en\/wp-json\/wp\/v2\/comments?post=2"}],"version-history":[{"count":122,"href":"https:\/\/assetbilisim.com\/en\/wp-json\/wp\/v2\/pages\/2\/revisions"}],"predecessor-version":[{"id":571,"href":"https:\/\/assetbilisim.com\/en\/wp-json\/wp\/v2\/pages\/2\/revisions\/571"}],"wp:attachment":[{"href":"https:\/\/assetbilisim.com\/en\/wp-json\/wp\/v2\/media?parent=2"}],"curies":[{"name":"wp","href":"https:\/\/api.w.org\/{rel}","templated":true}]}}