{"id":16,"date":"2019-04-13T13:50:11","date_gmt":"2019-04-13T10:50:11","guid":{"rendered":"http:\/\/assetbilisim.com\/?page_id=16"},"modified":"2019-10-14T09:42:13","modified_gmt":"2019-10-14T06:42:13","slug":"asset","status":"publish","type":"page","link":"https:\/\/assetbilisim.com\/en\/asset\/","title":{"rendered":"asSET"},"content":{"rendered":"<p><\/p>\n<p>[vc_row][vc_column][vc_row_inner][vc_column_inner width=&#8221;1\/4&#8243;][vc_single_image image=&#8221;220&#8243; img_size=&#8221;full&#8221; alignment=&#8221;center&#8221;][\/vc_column_inner][vc_column_inner width=&#8221;3\/4&#8243;][vc_custom_heading text=&#8221;About us&#8221; font_container=&#8221;tag:h2|font_size:25|text_align:left&#8221; use_theme_fonts=&#8221;yes&#8221;][vc_column_text]2002 y\u0131l\u0131nda kurulan asSET, ilk y\u0131llarda Proje Y\u00f6netimi, IT Dan\u0131\u015fmanl\u0131\u011f\u0131, Outsource Hizmeti ve IT Denetim alanlar\u0131nda \u00e7al\u0131\u015ft\u0131. 2007 y\u0131l\u0131ndan itibaren Qlik T\u00fcrkiye i\u015f orta\u011f\u0131 olarak \u0130\u015f Zekas\u0131, QlikView ve Qlik Sense projeleri ile hizmet a\u011f\u0131n\u0131 geni\u015fletti.<\/p>\n<p>Sadece \u00fcr\u00fcn sat\u0131\u015f\u0131 ve proje geli\u015ftirme hizmeti vermeyip, Qlik \u00fcr\u00fcnlerinin yayg\u0131n ve etkin bir \u015fekilde kullan\u0131lmas\u0131 i\u00e7in y\u00f6netimsel destek vermekte ve haz\u0131rlanan uygulamalar\u0131n g\u00f6rsel tasar\u0131m\u0131nda \u00f6\u011frenme psikolojinin de dikkate al\u0131nmas\u0131na dikkat edilmektedir.<\/p>\n<p>asSET \u00fcr\u00fcn ba\u011f\u0131ms\u0131z olarak kurumlarda bilgi okuryazarl\u0131\u011f\u0131n\u0131n art\u0131r\u0131lmas\u0131 ile ilgili \u00e7al\u0131\u015fmalar da yapmaktad\u0131r. Bu ama\u00e7la Kurumsal Bilgi Okuryazarl\u0131\u011f\u0131n\u0131n \u00f6l\u00e7\u00fcmlenmesi, geli\u015fmelerin y\u00f6netebilmesi \u00fczerinde hizmet vermektedir.[\/vc_column_text][\/vc_column_inner][\/vc_row_inner][vc_separator color=&#8221;custom&#8221; style=&#8221;solid&#8221; accent_color=&#8221;#f4f4f4&#8243;][vc_row_inner][vc_column_inner width=&#8221;1\/2&#8243;][vc_custom_heading text=&#8221;asSET Fields of Activity&#8221; font_container=&#8221;tag:h2|font_size:25|text_align:left&#8221; use_theme_fonts=&#8221;yes&#8221;][vc_column_text]<\/p>\n<ul>\n<li>BI Projeleri QlikView &amp; QlikSense<\/li>\n<li>BI Projeleri Y\u00f6netim Dan\u0131\u015fmanl\u0131\u011f\u0131<\/li>\n<li>Proje Y\u00f6netim<\/li>\n<li>Bilgi Okuryazarl\u0131\u011f\u0131 Geli\u015ftirme<\/li>\n<\/ul>\n<p>[\/vc_column_text][\/vc_column_inner][vc_column_inner width=&#8221;1\/2&#8243;][\/vc_column_inner][\/vc_row_inner][\/vc_column][\/vc_row]<\/p>\n<p><\/p>","protected":false},"excerpt":{"rendered":"<p>[vc_row][vc_column][vc_row_inner][vc_column_inner width=&#8221;1\/4&#8243;][vc_single_image image=&#8221;220&#8243; img_size=&#8221;full&#8221; alignment=&#8221;center&#8221;][\/vc_column_inner][vc_column_inner width=&#8221;3\/4&#8243;][vc_custom_heading text=&#8221;About us&#8221; font_container=&#8221;tag:h2|font_size:25|text_align:left&#8221; use_theme_fonts=&#8221;yes&#8221;][vc_column_text]2002 y\u0131l\u0131nda kurulan asSET, ilk y\u0131llarda Proje Y\u00f6netimi, IT Dan\u0131\u015fmanl\u0131\u011f\u0131, Outsource Hizmeti ve IT Denetim alanlar\u0131nda \u00e7al\u0131\u015ft\u0131. 2007 y\u0131l\u0131ndan itibaren Qlik T\u00fcrkiye i\u015f orta\u011f\u0131 olarak \u0130\u015f Zekas\u0131, QlikView ve Qlik Sense projeleri ile hizmet a\u011f\u0131n\u0131 geni\u015fletti. Sadece \u00fcr\u00fcn sat\u0131\u015f\u0131 ve proje geli\u015ftirme hizmeti vermeyip, Qlik \u00fcr\u00fcnlerinin [&hellip;]<\/p>\n","protected":false},"author":2,"featured_media":0,"parent":0,"menu_order":0,"comment_status":"closed","ping_status":"closed","template":"","meta":{"inline_featured_image":false},"_links":{"self":[{"href":"https:\/\/assetbilisim.com\/en\/wp-json\/wp\/v2\/pages\/16"}],"collection":[{"href":"https:\/\/assetbilisim.com\/en\/wp-json\/wp\/v2\/pages"}],"about":[{"href":"https:\/\/assetbilisim.com\/en\/wp-json\/wp\/v2\/types\/page"}],"author":[{"embeddable":true,"href":"https:\/\/assetbilisim.com\/en\/wp-json\/wp\/v2\/users\/2"}],"replies":[{"embeddable":true,"href":"https:\/\/assetbilisim.com\/en\/wp-json\/wp\/v2\/comments?post=16"}],"version-history":[{"count":14,"href":"https:\/\/assetbilisim.com\/en\/wp-json\/wp\/v2\/pages\/16\/revisions"}],"predecessor-version":[{"id":320,"href":"https:\/\/assetbilisim.com\/en\/wp-json\/wp\/v2\/pages\/16\/revisions\/320"}],"wp:attachment":[{"href":"https:\/\/assetbilisim.com\/en\/wp-json\/wp\/v2\/media?parent=16"}],"curies":[{"name":"wp","href":"https:\/\/api.w.org\/{rel}","templated":true}]}}